{"id":15,"date":"2018-05-21T16:25:12","date_gmt":"2018-05-21T16:25:12","guid":{"rendered":"http:\/\/eltallerdelpa.com\/?page_id=15"},"modified":"2021-10-05T07:51:32","modified_gmt":"2021-10-05T07:51:32","slug":"el-horno","status":"publish","type":"page","link":"https:\/\/eltallerdelpa.com\/?page_id=15","title":{"rendered":"EL HORNO"},"content":{"rendered":"<div id=\"pl-15\"  class=\"panel-layout\" ><div id=\"pg-15-0\"  class=\"panel-grid panel-no-style\" ><div id=\"pgc-15-0-0\"  class=\"panel-grid-cell\" ><div id=\"panel-15-0-0-0\" class=\"so-panel widget widget_sow-editor panel-first-child panel-last-child\" data-index=\"0\" ><div\n\t\t\t\n\t\t\tclass=\"so-widget-sow-editor so-widget-sow-editor-base\"\n\t\t\t\n\t\t>\n<div class=\"siteorigin-widget-tinymce textwidget\">\n\t<p>Con 5 metros de di\u00e1metro, nuestro horno de mamposter\u00eda construido en 1970 permite una cocci\u00f3n a temperatura decreciente (de 260 a 200\u00ba C). Este tipo de horno antiguo de suela de piedra refractaria y giratorio le proporciona al pan un sabor m\u00e1s aut\u00e9ntico, un color m\u00e1s dorado, una textura m\u00e1s crujiente y el aroma caracter\u00edstico del pan artesano y natural.<\/p>\n<\/div>\n<\/div><\/div><\/div><\/div><div id=\"pg-15-1\"  class=\"panel-grid panel-no-style\" ><div id=\"pgc-15-1-0\"  class=\"panel-grid-cell\" ><div id=\"panel-15-1-0-0\" class=\"so-panel widget widget_sow-image panel-first-child panel-last-child\" data-index=\"1\" ><div\n\t\t\t\n\t\t\tclass=\"so-widget-sow-image so-widget-sow-image-default-8b5b6f678277-15\"\n\t\t\t\n\t\t>\n\n<div class=\"sow-image-container\">\n\t\t<img loading=\"lazy\" decoding=\"async\" src=\"https:\/\/eltallerdelpa.com\/wp-content\/uploads\/2018\/05\/HorneadoVarios-36.jpg\" width=\"425\" height=\"283\" srcset=\"https:\/\/eltallerdelpa.com\/wp-content\/uploads\/2018\/05\/HorneadoVarios-36.jpg 425w, https:\/\/eltallerdelpa.com\/wp-content\/uploads\/2018\/05\/HorneadoVarios-36-300x200.jpg 300w, https:\/\/eltallerdelpa.com\/wp-content\/uploads\/2018\/05\/HorneadoVarios-36-272x182.jpg 272w\" sizes=\"(max-width: 425px) 100vw, 425px\" alt=\"\" \t\tclass=\"so-widget-image\"\/>\n\t<\/div>\n\n<\/div><\/div><\/div><div id=\"pgc-15-1-1\"  class=\"panel-grid-cell\" ><div id=\"panel-15-1-1-0\" class=\"so-panel widget widget_sow-image panel-first-child panel-last-child\" data-index=\"2\" ><div\n\t\t\t\n\t\t\tclass=\"so-widget-sow-image so-widget-sow-image-default-8b5b6f678277-15\"\n\t\t\t\n\t\t>\n\n<div class=\"sow-image-container\">\n\t\t<img loading=\"lazy\" decoding=\"async\" src=\"https:\/\/eltallerdelpa.com\/wp-content\/uploads\/2018\/05\/Rosca-Elabo-2412315465131.jpg\" width=\"425\" height=\"283\" srcset=\"https:\/\/eltallerdelpa.com\/wp-content\/uploads\/2018\/05\/Rosca-Elabo-2412315465131.jpg 425w, https:\/\/eltallerdelpa.com\/wp-content\/uploads\/2018\/05\/Rosca-Elabo-2412315465131-300x200.jpg 300w, https:\/\/eltallerdelpa.com\/wp-content\/uploads\/2018\/05\/Rosca-Elabo-2412315465131-272x182.jpg 272w\" sizes=\"(max-width: 425px) 100vw, 425px\" alt=\"\" \t\tclass=\"so-widget-image\"\/>\n\t<\/div>\n\n<\/div><\/div><\/div><\/div><div id=\"pg-15-2\"  class=\"panel-grid panel-no-style\" ><div id=\"pgc-15-2-0\"  class=\"panel-grid-cell panel-grid-cell-empty\" ><\/div><\/div><\/div>","protected":false},"excerpt":{"rendered":"<p>Con 5 metros de di\u00e1metro, nuestro horno de mamposter\u00eda construido en 1970 permite una cocci\u00f3n a temperatura decreciente (de 260 a 200\u00ba C). Este tipo de horno antiguo de suela de piedra refractaria y giratorio le proporciona al pan un sabor m\u00e1s aut\u00e9ntico, un color m\u00e1s dorado, una textura m\u00e1s &hellip; <\/p>\n","protected":false},"author":1,"featured_media":0,"parent":0,"menu_order":0,"comment_status":"closed","ping_status":"closed","template":"","meta":{"footnotes":""},"class_list":["post-15","page","type-page","status-publish","hentry"],"_links":{"self":[{"href":"https:\/\/eltallerdelpa.com\/index.php?rest_route=\/wp\/v2\/pages\/15"}],"collection":[{"href":"https:\/\/eltallerdelpa.com\/index.php?rest_route=\/wp\/v2\/pages"}],"about":[{"href":"https:\/\/eltallerdelpa.com\/index.php?rest_route=\/wp\/v2\/types\/page"}],"author":[{"embeddable":true,"href":"https:\/\/eltallerdelpa.com\/index.php?rest_route=\/wp\/v2\/users\/1"}],"replies":[{"embeddable":true,"href":"https:\/\/eltallerdelpa.com\/index.php?rest_route=%2Fwp%2Fv2%2Fcomments&post=15"}],"version-history":[{"count":17,"href":"https:\/\/eltallerdelpa.com\/index.php?rest_route=\/wp\/v2\/pages\/15\/revisions"}],"predecessor-version":[{"id":703,"href":"https:\/\/eltallerdelpa.com\/index.php?rest_route=\/wp\/v2\/pages\/15\/revisions\/703"}],"wp:attachment":[{"href":"https:\/\/eltallerdelpa.com\/index.php?rest_route=%2Fwp%2Fv2%2Fmedia&parent=15"}],"curies":[{"name":"wp","href":"https:\/\/api.w.org\/{rel}","templated":true}]}}